{"id":771,"date":"2022-09-01T16:05:24","date_gmt":"2022-09-01T14:05:24","guid":{"rendered":"http:\/\/192.168.0.12\/?page_id=771"},"modified":"2022-10-06T01:51:45","modified_gmt":"2022-10-05T23:51:45","slug":"test","status":"publish","type":"page","link":"https:\/\/www.bioeconomy-austria.at\/en\/test\/","title":{"rendered":"Test"},"content":{"rendered":"<\/div>\n<div class=\"bea_cf bea_cf_name\">Florian Kamleitner<\/div>\n<div class=\"bea_cf bea_cf_funktion\">ecoplus<\/div>\n<\/div><div class=\"ultp-block-readmore\"><a aria-label=\"Florian Kamleitner\" href=\"https:\/\/www.bioeconomy-austria.at\/en\/zitate\/florian-kamleitner\/\" ><i>mehr &#8230;<\/i><\/a><\/div><\/div><\/div><\/div><\/div><\/div><div class=\"ultp-block-item post-id-2914\"><div><div class=\"ultp-block-slider-wrap\"><div class=\"ultp-block-image-inner\"><div class=\"ultp-block-image \"><a href=\"https:\/\/www.bioeconomy-austria.at\/en\/zitate\/2914\/\" ><img decoding=\"async\"  alt=\"Dieter Lechner\"  src=\"https:\/\/www.bioeconomy-austria.at\/wp-content\/uploads\/lechner_c-FV-Holzindustrie-150x150.jpg\" \/><\/a><\/div><\/div><div class=\"ultp-block-content ultp-block-content-middlePosition ultp-block-content-centerPosition\"><div class=\"ultp-block-content-inner\"><h3 class=\"ultp-block-title \"><a href=\"https:\/\/www.bioeconomy-austria.at\/en\/zitate\/2914\/\" >Dieter Lechner<\/a><\/h3><div class=\"ultp-block-excerpt\"><p>&#8220;From the wood industry&#8217;s point of view, the &#8220;bioeconomy&#8221; offers a great opportunity to promote the knowledge-based production and use of renewable resources &#8230;&#8221;<\/p>\n<div class=\"bea_cf bea_cf_img_excerpt\">\u00a9 FV Holzindustrie<\/div>\n<div class=\"bea_cf bea_cf_name\">Dieter Lechner<\/div>\n<div class=\"bea_cf bea_cf_funktion\">Austrian Timber Industry Association<\/div>\n<\/div><div class=\"ultp-block-readmore\"><a aria-label=\"Dieter Lechner\" href=\"https:\/\/www.bioeconomy-austria.at\/en\/zitate\/2914\/\" ><i>mehr &#8230;<\/i><\/a><\/div><\/div><\/div><\/div><\/div><\/div><div class=\"ultp-block-item post-id-2233\"><div><div class=\"ultp-block-slider-wrap\"><div class=\"ultp-block-image-inner\"><div class=\"ultp-block-image \"><a href=\"https:\/\/www.bioeconomy-austria.at\/en\/zitate\/martin-karner\/\" ><img decoding=\"async\"  alt=\"Martin Karner\"  src=\"https:\/\/www.bioeconomy-austria.at\/wp-content\/uploads\/MartinKarner_WeitzerParkett_low-150x150.jpg\" \/><\/a><\/div><\/div><div class=\"ultp-block-content ultp-block-content-middlePosition ultp-block-content-centerPosition\"><div class=\"ultp-block-content-inner\"><h3 class=\"ultp-block-title \"><a href=\"https:\/\/www.bioeconomy-austria.at\/en\/zitate\/martin-karner\/\" >Martin Karner<\/a><\/h3><div class=\"ultp-block-excerpt\"><p>&#8220;The first trains, cars and aeroplanes were built from wood. We are bringing the regional, ecological material wood back there &#8230;&#8221;<\/p>\n<div class=\"bea_cf bea_cf_img_excerpt\">\u00a9 WeitzerParkett<\/div>\n<div class=\"bea_cf bea_cf_name\">Martin Karner<\/div>\n<div class=\"bea_cf bea_cf_funktion\">Weitzer Woodsolutions<\/div>\n<\/div><div class=\"ultp-block-readmore\"><a aria-label=\"Martin Karner\" href=\"https:\/\/www.bioeconomy-austria.at\/en\/zitate\/martin-karner\/\" ><i>mehr &#8230;<\/i><\/a><\/div><\/div><\/div><\/div><\/div><\/div><div class=\"ultp-block-item post-id-2237\"><div><div class=\"ultp-block-slider-wrap\"><div class=\"ultp-block-image-inner\"><div class=\"ultp-block-image \"><a href=\"https:\/\/www.bioeconomy-austria.at\/en\/zitate\/lorenz-strimitzer\/\" ><img decoding=\"async\"  alt=\"Lorenz Strimitzer\"  src=\"https:\/\/www.bioeconomy-austria.at\/wp-content\/uploads\/csm_lorenz_strimitzer_b090d8c110-150x150.png\" \/><\/a><\/div><\/div><div class=\"ultp-block-content ultp-block-content-middlePosition ultp-block-content-centerPosition\"><div class=\"ultp-block-content-inner\"><h3 class=\"ultp-block-title \"><a href=\"https:\/\/www.bioeconomy-austria.at\/en\/zitate\/lorenz-strimitzer\/\" >Lorenz Strimitzer<\/a><\/h3><div class=\"ultp-block-excerpt\"><p>&#8220;Wood is the most important raw material of the bioeconomy and the most important renewable energy resource in Austria. &#8230;&#8221;<\/p>\n<div class=\"bea_cf bea_cf_img_excerpt\">\u00a9 \u00d6sterreichische Energieagentur<\/div>\n<div class=\"bea_cf bea_cf_name\">Lorenz Strimitzer<\/div>\n<div class=\"bea_cf bea_cf_funktion\">Austrian Energy Agency<\/div>\n<\/div><div class=\"ultp-block-readmore\"><a aria-label=\"Lorenz Strimitzer\" href=\"https:\/\/www.bioeconomy-austria.at\/en\/zitate\/lorenz-strimitzer\/\" ><i>mehr &#8230;<\/i><\/a><\/div><\/div><\/div><\/div><\/div><\/div><div class=\"ultp-block-item post-id-2235\"><div><div class=\"ultp-block-slider-wrap\"><div class=\"ultp-block-image-inner\"><div class=\"ultp-block-image \"><a href=\"https:\/\/www.bioeconomy-austria.at\/en\/zitate\/dorian-wessely\/\" ><img decoding=\"async\"  alt=\"Dorian Wessely\"  src=\"https:\/\/www.bioeconomy-austria.at\/wp-content\/uploads\/Foto_Dorian-150x150.jpg\" \/><\/a><\/div><\/div><div class=\"ultp-block-content ultp-block-content-middlePosition ultp-block-content-centerPosition\"><div class=\"ultp-block-content-inner\"><h3 class=\"ultp-block-title \"><a href=\"https:\/\/www.bioeconomy-austria.at\/en\/zitate\/dorian-wessely\/\" >Dorian Wessely<\/a><\/h3><div class=\"ultp-block-excerpt\"><p>&#8220;In order to achieve the long-term goal of a massive reduction in fossil material and energy consumption, a strong network of companies, research and politics is needed within the value chain. &#8230;&#8221;<\/p>\n<div class=\"bea_cf bea_cf_img_excerpt\">\u00a9 Business Upper Austria<\/div>\n<div class=\"bea_cf bea_cf_name\">Dorian Wessely<\/div>\n<div class=\"bea_cf bea_cf_funktion\">Business Upper Austria<\/div>\n<\/div><div class=\"ultp-block-readmore\"><a aria-label=\"Dorian Wessely\" href=\"https:\/\/www.bioeconomy-austria.at\/en\/zitate\/dorian-wessely\/\" ><i>mehr &#8230;<\/i><\/a><\/div><\/div><\/div><\/div><\/div><\/div><div class=\"ultp-block-item post-id-747\"><div><div class=\"ultp-block-slider-wrap\"><div class=\"ultp-block-image-inner\"><div class=\"ultp-block-image \"><a href=\"https:\/\/www.bioeconomy-austria.at\/en\/zitate\/hans-mayrhofer\/\" ><img decoding=\"async\"  alt=\"Hans Mayrhofer\"  src=\"https:\/\/www.bioeconomy-austria.at\/wp-content\/uploads\/Hans-Mayrhofer-c-O\u0308kosoziales-Forum-O\u0308sterreich-Europa-150x150.jpg\" \/><\/a><\/div><\/div><div class=\"ultp-block-content ultp-block-content-middlePosition ultp-block-content-centerPosition\"><div class=\"ultp-block-content-inner\"><h3 class=\"ultp-block-title \"><a href=\"https:\/\/www.bioeconomy-austria.at\/en\/zitate\/hans-mayrhofer\/\" >Hans Mayrhofer<\/a><\/h3><div class=\"ultp-block-excerpt\"><p>&#8220;Bioeconomy replaces non-renewable raw materials with renewable ones. This translates the ecosocial market economy into practice. &#8230;&#8221;<\/p>\n<div class=\"bea_cf bea_cf_img_excerpt\">Wintertagung 2021 des \u00d6kosozialen Forums: \u0084Gemeinsam ist man besser.\u0093 <\/p>\n<p>Am 21. J\u00e4nner fand der Er\u00f6ffnungstag zur Agrarpolitik der Wintertagung 2021 des \u00d6kosozialen Forums statt, der traditionell mit einem Pressegespr\u00e4ch eingeleitet wurde. Im Zuge der diesj\u00e4hrigen Veranstaltung diskutieren die Teilnehmerinnen und Teilnehmer Lehren und Chancen der COVID-Krise.<\/p><\/div>\n<div class=\"bea_cf bea_cf_name\">Hans Mayrhofer<\/div>\n<div class=\"bea_cf bea_cf_funktion\">Ecosocial Forum<\/div>\n<\/div><div class=\"ultp-block-readmore\"><a aria-label=\"Hans Mayrhofer\" href=\"https:\/\/www.bioeconomy-austria.at\/en\/zitate\/hans-mayrhofer\/\" ><i>mehr &#8230;<\/i><\/a><\/div><\/div><\/div><\/div><\/div><\/div><\/div><div class=\"ultp-slick-nav\" style=\"display:none\"><div class=\"ultp-slick-prev\"><div class=\"slick-arrow slick-prev\"><svg enable-background=\"new 0 0 477.175 477.175\" version=\"1.1\" viewBox=\"0 0 477.18 477.18\"><path d=\"m145.19 238.58 215.5-215.5c5.3-5.3 5.3-13.8 0-19.1s-13.8-5.3-19.1 0l-225.1 225.1c-5.3 5.3-5.3 13.8 0 19.1l225.1 225c2.6 2.6 6.1 4 9.5 4s6.9-1.3 9.5-4c5.3-5.3 5.3-13.8 0-19.1l-215.4-215.5z\"><\/path><\/svg><\/div><\/div><div class=\"ultp-slick-next\"><div class=\"slick-arrow slick-next\"><svg enable-background=\"new 0 0 477.175 477.175\" version=\"1.1\" viewBox=\"0 0 477.18 477.18\"><path d=\"m360.73 229.08-225.1-225.1c-5.3-5.3-13.8-5.3-19.1 0s-5.3 13.8 0 19.1l215.5 215.5-215.5 215.5c-5.3 5.3-5.3 13.8 0 19.1 2.6 2.6 6.1 4 9.5 4s6.9-1.3 9.5-4l225.1-225.1c5.3-5.2 5.3-13.8 0.1-19z\"><\/path><\/svg><\/div><\/div><\/div><\/div><\/div>\n\n\n<div class=\"wp-block-query linkliste-projektpartner is-layout-flow wp-block-query-is-layout-flow\"><ul class=\"wp-block-post-template is-layout-flow wp-block-post-template-is-layout-flow\"><li class=\"wp-block-post post-9429 projektpartner type-projektpartner status-publish hentry\">\n<h2 class=\"wp-block-post-title\"><a href=\"https:\/\/www.bioeconomy-austria.at\/en\/projektpartner\/green-tech-valley\/\" target=\"_self\" >Green Tech Valley<\/a><\/h2>\n\n\n\n<div class=\"wp-block-post-excerpt\"><p class=\"wp-block-post-excerpt__excerpt\">The Green Tech Valley is the #1 tech hub for 100% climate protection and circular economy in the south of Austria. More than 300 companies and research institutions form an ecosystem here that combines technological development and innovation with ecological responsibility. The focus is on joint research and development projects, ranging from renewable energies and&hellip; <\/p><\/div>\n\n\n<hr class=\"wp-block-separator has-css-opacity\"\/>\n\n\n<div class=\"wp-block-post-date\"><time datetime=\"%2\">Tuesday September 16th, 2025<\/time><\/div>\n<\/li><li class=\"wp-block-post post-9395 projektpartner type-projektpartner status-publish hentry\">\n<h2 class=\"wp-block-post-title\"><a href=\"https:\/\/www.bioeconomy-austria.at\/en\/projektpartner\/standortagentur-tirol\/\" target=\"_self\" >Standortagentur Tirol<\/a><\/h2>\n\n\n\n<div class=\"wp-block-post-excerpt\"><p class=\"wp-block-post-excerpt__excerpt\">Standortagentur Tirol is the central partner for innovation in Tyrol. It supports companies, research institutions, and regions with their projects and strengthens their networking at regional, national, and international levels. With the Circular Hub Tirol, Standortagentur Tirol has a specialized initiative that supports the transition from a linear to a circular economy. Circular Hub Tirol&hellip; <\/p><\/div>\n\n\n<hr class=\"wp-block-separator has-css-opacity\"\/>\n\n\n<div class=\"wp-block-post-date\"><time datetime=\"%2\">Monday September 15th, 2025<\/time><\/div>\n<\/li><li class=\"wp-block-post post-2104 projektpartner type-projektpartner status-publish has-post-thumbnail hentry\">\n<h2 class=\"wp-block-post-title\"><a href=\"https:\/\/www.bioeconomy-austria.at\/en\/projektpartner\/umweltbundesamt\/\" target=\"_self\" >Environment Agency Austria<\/a><\/h2>\n\n<figure class=\"alignwide wp-block-post-featured-image\"><a href=\"https:\/\/www.bioeconomy-austria.at\/en\/projektpartner\/umweltbundesamt\/\" target=\"_self\"  ><img loading=\"lazy\" decoding=\"async\" width=\"2048\" height=\"1367\" src=\"https:\/\/www.bioeconomy-austria.at\/wp-content\/uploads\/Woerthersee1696-C-BML_Alexander-Haiden.jpg\" class=\"attachment-post-thumbnail size-post-thumbnail wp-post-image\" alt=\"Environment Agency Austria\" style=\"object-fit:cover;\" \/><\/a><\/figure>\n\n<div class=\"wp-block-post-excerpt\"><p class=\"wp-block-post-excerpt__excerpt\">To ensure that the transformation towards a wood-based bioeconomy takes place in consideration of planetary boundaries, the experts of Umweltbundesamt &#8211; Environment Agency Austria analyse the ecological framework conditions and their effects on the environment. With this contribution to the project, the Environment Agency Austria provides an important basis for decision-making. Therefore, challenges at the&hellip; <\/p><\/div>\n\n\n<hr class=\"wp-block-separator has-css-opacity\"\/>\n\n\n<div class=\"wp-block-post-date\"><time datetime=\"%2\">Tuesday October  4th, 2022<\/time><\/div>\n<\/li><li class=\"wp-block-post post-2101 projektpartner type-projektpartner status-publish has-post-thumbnail hentry\">\n<h2 class=\"wp-block-post-title\"><a href=\"https:\/\/www.bioeconomy-austria.at\/en\/projektpartner\/universitaet-fuer-bodenkultur-wien\/\" target=\"_self\" >Centre for Bioeconomy<\/a><\/h2>\n\n<figure class=\"alignwide wp-block-post-featured-image\"><a href=\"https:\/\/www.bioeconomy-austria.at\/en\/projektpartner\/universitaet-fuer-bodenkultur-wien\/\" target=\"_self\"  ><img loading=\"lazy\" decoding=\"async\" width=\"2048\" height=\"1367\" src=\"https:\/\/www.bioeconomy-austria.at\/wp-content\/uploads\/Woerthersee1696-C-BML_Alexander-Haiden.jpg\" class=\"attachment-post-thumbnail size-post-thumbnail wp-post-image\" alt=\"Centre for Bioeconomy\" style=\"object-fit:cover;\" \/><\/a><\/figure>\n\n<div class=\"wp-block-post-excerpt\"><p class=\"wp-block-post-excerpt__excerpt\">The University of Natural Resources and Life Sciences in Vienna (BOKU) covers all areas of the bioeconomy and sees this as a unique selling point European-wide. BOKU has focused on the bioeconomy: More than eighty percent of the institutes do research in the field of bioeconomy and also offer training in this field. The focus&hellip; <\/p><\/div>\n\n\n<hr class=\"wp-block-separator has-css-opacity\"\/>\n\n\n<div class=\"wp-block-post-date\"><time datetime=\"%2\">Tuesday October  4th, 2022<\/time><\/div>\n<\/li><li class=\"wp-block-post post-2096 projektpartner type-projektpartner status-publish has-post-thumbnail hentry\">\n<h2 class=\"wp-block-post-title\"><a href=\"https:\/\/www.bioeconomy-austria.at\/en\/projektpartner\/wirtschaftsagentur-wien\/\" target=\"_self\" >Vienna Business Agency<\/a><\/h2>\n\n<figure class=\"alignwide wp-block-post-featured-image\"><a href=\"https:\/\/www.bioeconomy-austria.at\/en\/projektpartner\/wirtschaftsagentur-wien\/\" target=\"_self\"  ><img loading=\"lazy\" decoding=\"async\" width=\"2048\" height=\"1367\" src=\"https:\/\/www.bioeconomy-austria.at\/wp-content\/uploads\/Woerthersee1696-C-BML_Alexander-Haiden.jpg\" class=\"attachment-post-thumbnail size-post-thumbnail wp-post-image\" alt=\"Vienna Business Agency\" style=\"object-fit:cover;\" \/><\/a><\/figure>\n\n<div class=\"wp-block-post-excerpt\"><p class=\"wp-block-post-excerpt__excerpt\">The Vienna Business Agency offers companies a comprehensive range of services \u2013 from free advice on business start-ups, company relocations, and expansions to information on funding and financing opportunities. A particular focus is placed on the targeted support of innovation and investment projects in Vienna to sustainably strengthen the business location. As part of Bioeconomy&hellip; <\/p><\/div>\n\n\n<hr class=\"wp-block-separator has-css-opacity\"\/>\n\n\n<div class=\"wp-block-post-date\"><time datetime=\"%2\">Tuesday October  4th, 2022<\/time><\/div>\n<\/li><li class=\"wp-block-post post-2093 projektpartner type-projektpartner status-publish has-post-thumbnail hentry\">\n<h2 class=\"wp-block-post-title\"><a href=\"https:\/\/www.bioeconomy-austria.at\/en\/projektpartner\/proholz-tirol\/\" target=\"_self\" >proHolz Tirol<\/a><\/h2>\n\n<figure class=\"alignwide wp-block-post-featured-image\"><a href=\"https:\/\/www.bioeconomy-austria.at\/en\/projektpartner\/proholz-tirol\/\" target=\"_self\"  ><img loading=\"lazy\" decoding=\"async\" width=\"2048\" height=\"1367\" src=\"https:\/\/www.bioeconomy-austria.at\/wp-content\/uploads\/Woerthersee1696-C-BML_Alexander-Haiden.jpg\" class=\"attachment-post-thumbnail size-post-thumbnail wp-post-image\" alt=\"proHolz Tirol\" style=\"object-fit:cover;\" \/><\/a><\/figure>\n\n<div class=\"wp-block-post-excerpt\"><p class=\"wp-block-post-excerpt__excerpt\">proHolz Tirol is the association representing the forestry and timber industries of Tyrol. It is divided into three business areas: Wood Information, Wood Cluster, and Wood Education. Within these fields, the association consolidates its activities to promote the increased use of wood \u2014 a natural product of high ecological and economic value \u2014 along the&hellip; <\/p><\/div>\n\n\n<hr class=\"wp-block-separator has-css-opacity\"\/>\n\n\n<div class=\"wp-block-post-date\"><time datetime=\"%2\">Tuesday October  4th, 2022<\/time><\/div>\n<\/li><li class=\"wp-block-post post-2089 projektpartner type-projektpartner status-publish has-post-thumbnail hentry\">\n<h2 class=\"wp-block-post-title\"><a href=\"https:\/\/www.bioeconomy-austria.at\/en\/projektpartner\/innovation-salzburg\/\" target=\"_self\" >Innovation Salzburg<\/a><\/h2>\n\n<figure class=\"alignwide wp-block-post-featured-image\"><a href=\"https:\/\/www.bioeconomy-austria.at\/en\/projektpartner\/innovation-salzburg\/\" target=\"_self\"  ><img loading=\"lazy\" decoding=\"async\" width=\"2048\" height=\"1367\" src=\"https:\/\/www.bioeconomy-austria.at\/wp-content\/uploads\/Woerthersee1696-C-BML_Alexander-Haiden.jpg\" class=\"attachment-post-thumbnail size-post-thumbnail wp-post-image\" alt=\"Innovation Salzburg\" style=\"object-fit:cover;\" \/><\/a><\/figure>\n\n<div class=\"wp-block-post-excerpt\"><p class=\"wp-block-post-excerpt__excerpt\">Innovation Salzburg is the innovation and business location agency for the region of Salzburg. As the first point of contact for our regional companies and research institutions, we strengthen Salzburg as a hub for business, research, technology, and innovation by fostering cooperation and networks at the regional, national, and international levels. In the field of&hellip; <\/p><\/div>\n\n\n<hr class=\"wp-block-separator has-css-opacity\"\/>\n\n\n<div class=\"wp-block-post-date\"><time datetime=\"%2\">Monday October  3rd, 2022<\/time><\/div>\n<\/li><li class=\"wp-block-post post-2086 projektpartner type-projektpartner status-publish has-post-thumbnail hentry\">\n<h2 class=\"wp-block-post-title\"><a href=\"https:\/\/www.bioeconomy-austria.at\/en\/projektpartner\/hc-steiermark\/\" target=\"_self\" >Holzcluster Steiermark<\/a><\/h2>\n\n<figure class=\"alignwide wp-block-post-featured-image\"><a href=\"https:\/\/www.bioeconomy-austria.at\/en\/projektpartner\/hc-steiermark\/\" target=\"_self\"  ><img loading=\"lazy\" decoding=\"async\" width=\"2048\" height=\"1367\" src=\"https:\/\/www.bioeconomy-austria.at\/wp-content\/uploads\/Woerthersee1696-C-BML_Alexander-Haiden.jpg\" class=\"attachment-post-thumbnail size-post-thumbnail wp-post-image\" alt=\"Holzcluster Steiermark\" style=\"object-fit:cover;\" \/><\/a><\/figure>\n\n<div class=\"wp-block-post-excerpt\"><p class=\"wp-block-post-excerpt__excerpt\">The network of the Holzcluster Steiermark allows business, research and politics to grow together into a strong ecosystem. In this way, the Holzcluster promotes its members and develops the industry for a competitive future. Internationalisation is an important success factor for the timber industry. That is why Holzcluster Steiermark, with its managing director Christian Tippelreither,&hellip; <\/p><\/div>\n\n\n<hr class=\"wp-block-separator has-css-opacity\"\/>\n\n\n<div class=\"wp-block-post-date\"><time datetime=\"%2\">Monday October  3rd, 2022<\/time><\/div>\n<\/li><li class=\"wp-block-post post-2058 projektpartner type-projektpartner status-publish has-post-thumbnail hentry\">\n<h2 class=\"wp-block-post-title\"><a href=\"https:\/\/www.bioeconomy-austria.at\/en\/projektpartner\/business-upper-austria\/\" target=\"_self\" >Business Upper Austria<\/a><\/h2>\n\n<figure class=\"alignwide wp-block-post-featured-image\"><a href=\"https:\/\/www.bioeconomy-austria.at\/en\/projektpartner\/business-upper-austria\/\" target=\"_self\"  ><img loading=\"lazy\" decoding=\"async\" width=\"2048\" height=\"1367\" src=\"https:\/\/www.bioeconomy-austria.at\/wp-content\/uploads\/Woerthersee1696-C-BML_Alexander-Haiden.jpg\" class=\"attachment-post-thumbnail size-post-thumbnail wp-post-image\" alt=\"Business Upper Austria\" style=\"object-fit:cover;\" \/><\/a><\/figure>\n\n<div class=\"wp-block-post-excerpt\"><p class=\"wp-block-post-excerpt__excerpt\">Business Upper Austria is the location agency of Upper Austria. We are a driver of innovation and the first point of contact for domestic and foreign companies, offering them tailor-made solutions for their investment and innovation projects. We play an active role in shaping economic and research policy. Bio-based materials are playing an increasingly important&hellip; <\/p><\/div>\n\n\n<hr class=\"wp-block-separator has-css-opacity\"\/>\n\n\n<div class=\"wp-block-post-date\"><time datetime=\"%2\">Monday October  3rd, 2022<\/time><\/div>\n<\/li><\/ul><\/div>\nmore &#8230;&#8221;,&#8221;readMoreIcon&#8221;:&#8221;&#8221;,&#8221;readMoreBgColor&#8221;:{&#8220;openColor&#8221;:0,&#8221;type&#8221;:&#8221;color&#8221;,&#8221;color&#8221;:&#8221;#037fff&#8221;,&#8221;gradient&#8221;:{&#8220;color1&#8243;:&#8221;#16d03e&#8221;,&#8221;color2&#8243;:&#8221;#1f91f3&#8243;,&#8221;type&#8221;:&#8221;linear&#8221;,&#8221;direction&#8221;:&#8221;90&#8243;,&#8221;start&#8221;:5,&#8221;stop&#8221;:80,&#8221;radial&#8221;:&#8221;center&#8221;,&#8221;clip&#8221;:false},&#8221;clip&#8221;:false},&#8221;readMoreBorder&#8221;:{&#8220;width&#8221;:{&#8220;top&#8221;:1,&#8221;right&#8221;:1,&#8221;bottom&#8221;:1,&#8221;left&#8221;:1},&#8221;type&#8221;:&#8221;solid&#8221;,&#8221;color&#8221;:&#8221;#009fd4&#8243;,&#8221;openBorder&#8221;:0},&#8221;readMoreSacing&#8221;:{&#8220;lg&#8221;:{&#8220;top&#8221;:&#8221;0&#8243;,&#8221;bottom&#8221;:&#8221;0&#8243;,&#8221;left&#8221;:&#8221;0&#8243;,&#8221;right&#8221;:&#8221;0&#8243;,&#8221;unit&#8221;:&#8221;px&#8221;}},&#8221;readMorePadding&#8221;:{&#8220;lg&#8221;:{&#8220;top&#8221;:&#8221;0&#8243;,&#8221;bottom&#8221;:&#8221;0&#8243;,&#8221;left&#8221;:&#8221;0&#8243;,&#8221;right&#8221;:&#8221;0&#8243;,&#8221;unit&#8221;:&#8221;px&#8221;}},&#8221;metaBorder&#8221;:{&#8220;width&#8221;:{&#8220;top&#8221;:1,&#8221;right&#8221;:&#8221;0&#8243;,&#8221;bottom&#8221;:&#8221;0&#8243;,&#8221;left&#8221;:&#8221;0&#8243;},&#8221;type&#8221;:&#8221;solid&#8221;,&#8221;color&#8221;:&#8221;#009fd4&#8243;,&#8221;openBorder&#8221;:0},&#8221;className&#8221;:&#8221;zitate-slider-2&#8243;} \/&#8211;>","protected":false},"excerpt":{"rendered":"<p>more &#8230;&#8221;,&#8221;readMoreIcon&#8221;:&#8221;&#8221;,&#8221;readMoreBgColor&#8221;:{&#8220;openColor&#8221;:0,&#8221;type&#8221;:&#8221;color&#8221;,&#8221;color&#8221;:&#8221;#037fff&#8221;,&#8221;gradient&#8221;:{&#8220;color1&#8243;:&#8221;#16d03e&#8221;,&#8221;color2&#8243;:&#8221;#1f91f3&#8243;,&#8221;type&#8221;:&#8221;linear&#8221;,&#8221;direction&#8221;:&#8221;90&#8243;,&#8221;start&#8221;:5,&#8221;stop&#8221;:80,&#8221;radial&#8221;:&#8221;center&#8221;,&#8221;clip&#8221;:false},&#8221;clip&#8221;:false},&#8221;readMoreBorder&#8221;:{&#8220;width&#8221;:{&#8220;top&#8221;:1,&#8221;right&#8221;:1,&#8221;bottom&#8221;:1,&#8221;left&#8221;:1},&#8221;type&#8221;:&#8221;solid&#8221;,&#8221;color&#8221;:&#8221;#009fd4&#8243;,&#8221;openBorder&#8221;:0},&#8221;readMoreSacing&#8221;:{&#8220;lg&#8221;:{&#8220;top&#8221;:&#8221;0&#8243;,&#8221;bottom&#8221;:&#8221;0&#8243;,&#8221;left&#8221;:&#8221;0&#8243;,&#8221;right&#8221;:&#8221;0&#8243;,&#8221;unit&#8221;:&#8221;px&#8221;}},&#8221;readMorePadding&#8221;:{&#8220;lg&#8221;:{&#8220;top&#8221;:&#8221;0&#8243;,&#8221;bottom&#8221;:&#8221;0&#8243;,&#8221;left&#8221;:&#8221;0&#8243;,&#8221;right&#8221;:&#8221;0&#8243;,&#8221;unit&#8221;:&#8221;px&#8221;}},&#8221;metaBorder&#8221;:{&#8220;width&#8221;:{&#8220;top&#8221;:1,&#8221;right&#8221;:&#8221;0&#8243;,&#8221;bottom&#8221;:&#8221;0&#8243;,&#8221;left&#8221;:&#8221;0&#8243;},&#8221;type&#8221;:&#8221;solid&#8221;,&#8221;color&#8221;:&#8221;#009fd4&#8243;,&#8221;openBorder&#8221;:0},&#8221;className&#8221;:&#8221;zitate-slider-2&#8243;} \/&#8211;><\/p>\n","protected":false},"author":1,"featured_media":0,"parent":0,"menu_order":13,"comment_status":"closed","ping_status":"closed","template":"","meta":{"_acf_changed":false,"inline_featured_image":false,"footnotes":"","_links_to":"","_links_to_target":""},"categories":[],"class_list":["post-771","page","type-page","status-publish","hentry"],"acf":{"kurztitel":"","subtitle":""},"publishpress_future_workflow_manual_trigger":{"enabledWorkflows":[]},"_links":{"self":[{"href":"https:\/\/www.bioeconomy-austria.at\/en\/wp-json\/wp\/v2\/pages\/771","targetHints":{"allow":["GET"]}}],"collection":[{"href":"https:\/\/www.bioeconomy-austria.at\/en\/wp-json\/wp\/v2\/pages"}],"about":[{"href":"https:\/\/www.bioeconomy-austria.at\/en\/wp-json\/wp\/v2\/types\/page"}],"author":[{"embeddable":true,"href":"https:\/\/www.bioeconomy-austria.at\/en\/wp-json\/wp\/v2\/users\/1"}],"replies":[{"embeddable":true,"href":"https:\/\/www.bioeconomy-austria.at\/en\/wp-json\/wp\/v2\/comments?post=771"}],"version-history":[{"count":4,"href":"https:\/\/www.bioeconomy-austria.at\/en\/wp-json\/wp\/v2\/pages\/771\/revisions"}],"predecessor-version":[{"id":2153,"href":"https:\/\/www.bioeconomy-austria.at\/en\/wp-json\/wp\/v2\/pages\/771\/revisions\/2153"}],"wp:attachment":[{"href":"https:\/\/www.bioeconomy-austria.at\/en\/wp-json\/wp\/v2\/media?parent=771"}],"wp:term":[{"taxonomy":"category","embeddable":true,"href":"https:\/\/www.bioeconomy-austria.at\/en\/wp-json\/wp\/v2\/categories?post=771"}],"curies":[{"name":"wp","href":"https:\/\/api.w.org\/{rel}","templated":true}]}}